{"id":6034,"date":"2024-02-16T12:24:37","date_gmt":"2024-02-16T12:24:37","guid":{"rendered":"https:\/\/guerilla.pt\/screen\/?page_id=6034"},"modified":"2024-03-15T12:29:02","modified_gmt":"2024-03-15T12:29:02","slug":"about-us","status":"publish","type":"page","link":"https:\/\/screenhealth.uc.pt\/pt\/about-us\/","title":{"rendered":"Sobre N\u00f3s"},"content":{"rendered":"<div id=\"fws_69f09dc17f8e5\"  data-column-margin=\"default\" data-midnight=\"dark\"  class=\"wpb_row vc_row-fluid vc_row full-width-section parallax_section\"  style=\"padding-top: 175px; padding-bottom: 150px; \"><div class=\"row-bg-wrap\" data-bg-animation=\"zoom-out-slow\" data-bg-animation-delay=\"\" data-bg-overlay=\"true\"><div class=\"inner-wrap row-bg-layer using-image\" ><div class=\"row-bg viewport-desktop using-image\" data-parallax-speed=\"slow\" style=\"background-image: url(https:\/\/screenhealth.uc.pt\/wp-content\/uploads\/2024\/02\/thoughtful-caucasian-girl-s-portrait-dark-studio-background-neon-light-beautiful-female-model-using-tablet.jpg); background-position: center center; background-repeat: no-repeat; \"><\/div><\/div><div class=\"row-bg-overlay row-bg-layer\" style=\"background: #ec6836; background: linear-gradient(to bottom,#ec6836 0%,#353232 100%);  opacity: 0.8; \"><\/div><\/div><div class=\"row_col_wrap_12 col span_12 dark left\">\n\t<div style=\" color: #ffffff;\" class=\"vc_col-sm-12 wpb_column column_container vc_column_container col no-extra-padding inherit_tablet inherit_phone\" data-cfc=\"true\"  data-padding-pos=\"all\" data-has-bg-color=\"false\" data-bg-color=\"\" data-bg-opacity=\"1\" data-animation=\"\" data-delay=\"0\" >\n\t\t<div class=\"vc_column-inner\" >\n\t\t\t<div class=\"wpb_wrapper\">\n\t\t\t\t\n<div class=\"wpb_text_column wpb_content_element\" >\n\t<div class=\"wpb_wrapper\">\n\t\t<h2 style=\"text-align: center;\">Sobre N\u00f3s<\/h2>\n\t<\/div>\n<\/div>\n\n\n\n<div class=\"divider-wrap\" data-alignment=\"center\"><div style=\"margin-top: 15px; width: 20%; height: 3px; margin-bottom: 15px;\" data-width=\"20%\" data-animate=\"yes\" data-animation-delay=\"\" data-color=\"extra-color-1\" class=\"divider-small-border\"><\/div><\/div>\n\t\t\t<\/div> \n\t\t<\/div>\n\t<\/div> \n<\/div><\/div>\n\t\t<div id=\"projeto\"  data-column-margin=\"default\" data-midnight=\"dark\"  class=\"wpb_row vc_row-fluid vc_row full-width-section\"  style=\"padding-top: 100px; padding-bottom: 0px; \"><div class=\"row-bg-wrap\" data-bg-animation=\"none\" data-bg-animation-delay=\"\" data-bg-overlay=\"true\"><div class=\"inner-wrap row-bg-layer\" ><div class=\"row-bg viewport-desktop\"  style=\"\"><\/div><\/div><div class=\"row-bg-overlay row-bg-layer\" style=\"background-color:#ffffff;  opacity: 0.8; \"><\/div><\/div><div class=\"row_col_wrap_12 col span_12 dark left\">\n\t<div  class=\"vc_col-sm-12 wpb_column column_container vc_column_container col no-extra-padding inherit_tablet inherit_phone\"  data-padding-pos=\"all\" data-has-bg-color=\"false\" data-bg-color=\"\" data-bg-opacity=\"1\" data-animation=\"\" data-delay=\"0\" >\n\t\t<div class=\"vc_column-inner\" >\n\t\t\t<div class=\"wpb_wrapper\">\n\t\t\t\t\n<div class=\"wpb_text_column wpb_content_element\" >\n\t<div class=\"wpb_wrapper\">\n\t\t<h2 style=\"text-align: left; color: #ec6836 !important;\">Resumo para Publica\u00e7\u00e3o<\/h2>\n\t<\/div>\n<\/div>\n\n\n\n<div class=\"divider-wrap\" data-alignment=\"default\"><div style=\"margin-top: 37.5px; height: 3px; margin-bottom: 37.5px;\" data-width=\"100%\" data-animate=\"yes\" data-animation-delay=\"\" data-color=\"extra-color-1\" class=\"divider-border\"><\/div><\/div>\n<div class=\"wpb_text_column wpb_content_element  wpb_animate_when_almost_visible wpb_fadeInLeft fadeInLeft text-project-uncover\" >\n\t<div class=\"wpb_wrapper\">\n\t\t<p class=\"translation-block\">A preocupa\u00e7\u00e3o com o uso de equipamentos digitais por crian\u00e7as tem sido expressada em diferentes c\u00edrculos, desde o acad\u00e9mico ao pol\u00edtico. A pandemia de COVID-19 provocou altera\u00e7\u00f5es profundas no modo de vida das fam\u00edlias, incluindo um aumento no tempo de ecr\u00e3. Contudo, falta uma vis\u00e3o longitudinal mais abrangente sobre o uso de ecr\u00e3s em crian\u00e7as pequenas e o impacto a longo-prazo na sa\u00fade f\u00edsica e mental. O Projeto SCREENHEALTH ser\u00e1 o primeiro estudo longitudinal em Portugal a documentar o impacto das trajet\u00f3rias de uso de ecr\u00e3s na obesidade e na sa\u00fade mental das crian\u00e7as com 3-5 anos. Pretendemos:<\/p>\n<p>1) identificar trajet\u00f3rias de uso de ecr\u00e3s;<\/p>\n<p>2) identificar fatores socio-ecol\u00f3gicos e desigualdades que influenciam a ades\u00e3o a essas trajet\u00f3rias;<\/p>\n<p>3) explorar a associa\u00e7\u00e3o entre as trajet\u00f3rias e outros comportamentos relacionados com a sa\u00fade (i.e., atividade f\u00edsica, sono, padr\u00f5es de alimenta\u00e7\u00e3o);<\/p>\n<p>4) observar a causalidade (e dire\u00e7\u00e3o da associa\u00e7\u00e3o) entre as trajet\u00f3rias de uso de ecr\u00e3s, a obesidade infantil e a sa\u00fade mental.<\/p>\n<p class=\"translation-block\">O Projeto ir\u00e1 incidir sobre crian\u00e7as dos 3 aos 5 anos de Coimbra (Portugal). A equipa multidisciplinar ir\u00e1 usar uma abordagem sociobiol\u00f3gica; e a metodologia interdisciplinar (i.e., question\u00e1rio e aceler\u00f3metro) permitir\u00e1 validar os dados recolhidos. A abordagem inovadora do Projeto preencher\u00e1 lacunas significativas na literatura, incluindo:<\/p>\n<ol>\n<li class=\"translation-block\">i) identificar preditores de uso excessivo de ecr\u00e3s o que permitir\u00e1 intervir precocemente e influenciar trajet\u00f3rias comportamentais e<\/li>\n<\/ol>\n<p class=\"translation-block\">ii) compreender os efeitos e longo prazo do uso excessivo de ecr\u00e3s o que ir\u00e1 permitir definir limites apropriados do uso de diferentes equipamentos para crian\u00e7as.<\/p>\n\t<\/div>\n<\/div>\n\n\n\n\n<div class=\"wpb_text_column wpb_content_element  wpb_animate_when_almost_visible wpb_fadeInLeft fadeInLeft vc_custom_1708347636721 text-project-uncover\" >\n\t<div class=\"wpb_wrapper\">\n\t\t<h3>Palavras-Chave<\/h3>\n<ul>\n<li aria-level=\"1\">Screen media<\/li>\n<li aria-level=\"1\">Sedentarismo<\/li>\n<li aria-level=\"1\">Obesidade Infantil<\/li>\n<li aria-level=\"1\">Sa\u00fade Mental<\/li>\n<\/ul>\n\t<\/div>\n<\/div>\n\n\n\n\n\t\t\t<\/div> \n\t\t<\/div>\n\t<\/div> \n<\/div><\/div>\n\t\t<div id=\"fws_69f09dc1821df\"  data-column-margin=\"default\" data-midnight=\"dark\"  class=\"wpb_row vc_row-fluid vc_row full-width-section\"  style=\"padding-top: 50px; padding-bottom: 0px; \"><div class=\"row-bg-wrap\" data-bg-animation=\"none\" data-bg-animation-delay=\"\" data-bg-overlay=\"false\"><div class=\"inner-wrap row-bg-layer\" ><div class=\"row-bg viewport-desktop\"  style=\"\"><\/div><\/div><\/div><div class=\"row_col_wrap_12 col span_12 dark left\">\n\t<div style=\" color: #ec6836;\" class=\"vc_col-sm-12 wpb_column column_container vc_column_container col no-extra-padding inherit_tablet inherit_phone\" data-cfc=\"true\"  data-padding-pos=\"all\" data-has-bg-color=\"false\" data-bg-color=\"\" data-bg-opacity=\"1\" data-animation=\"\" data-delay=\"0\" >\n\t\t<div class=\"vc_column-inner\" >\n\t\t\t<div class=\"wpb_wrapper\">\n\t\t\t\t\n<div class=\"wpb_text_column wpb_content_element\" >\n\t<div class=\"wpb_wrapper\">\n\t\t<h2 style=\"text-align: left;\">Pacotes de Trabalho (PT)<\/h2>\n\t<\/div>\n<\/div>\n\n\n\n<div class=\"divider-wrap\" data-alignment=\"default\"><div style=\"margin-top: 37.5px; height: 3px; margin-bottom: 37.5px;\" data-width=\"100%\" data-animate=\"yes\" data-animation-delay=\"\" data-color=\"extra-color-1\" class=\"divider-border\"><\/div><\/div>\n\t\t\t<\/div> \n\t\t<\/div>\n\t<\/div> \n<\/div><\/div>\n\t\t<div id=\"projeto\"  data-column-margin=\"default\" data-midnight=\"dark\"  class=\"wpb_row vc_row-fluid vc_row full-width-section\"  style=\"padding-top: 0px; padding-bottom: 100px; \"><div class=\"row-bg-wrap\" data-bg-animation=\"none\" data-bg-animation-delay=\"\" data-bg-overlay=\"true\"><div class=\"inner-wrap row-bg-layer\" ><div class=\"row-bg viewport-desktop using-bg-color\"  style=\"background-color: #ffffff; \"><\/div><\/div><div class=\"row-bg-overlay row-bg-layer\" style=\"background-color:#ffffff;  opacity: 0.8; \"><\/div><\/div><div class=\"row_col_wrap_12 col span_12 dark left\">\n\t<div  class=\"vc_col-sm-6 wpb_column column_container vc_column_container col no-extra-padding inherit_tablet inherit_phone\"  data-padding-pos=\"all\" data-has-bg-color=\"false\" data-bg-color=\"\" data-bg-opacity=\"1\" data-animation=\"\" data-delay=\"0\" >\n\t\t<div class=\"vc_column-inner\" >\n\t\t\t<div class=\"wpb_wrapper\">\n\t\t\t\t\n<div class=\"wpb_text_column wpb_content_element  wpb_animate_when_almost_visible wpb_fadeInLeft fadeInLeft text-project-uncover\" >\n\t<div class=\"wpb_wrapper\">\n\t\t<p>Os objetivos do SCREENHEALTH produzem insights \u00fanicos e importantes sobre quais crian\u00e7as correm maior risco de cair em trajet\u00f3rias de uso de telas que levam a problemas de peso e sa\u00fade mental, aumentando nossa capacidade de prevenir esses comportamentos prejudiciais antes de seu in\u00edcio. A detec\u00e7\u00e3o tamb\u00e9m ser\u00e1 melhorada <b>fornecendo categorias mais refinadas de ST <\/b>(total e espec\u00edfico do dispositivo).<\/p>\n\t<\/div>\n<\/div>\n\n\n\n\n<div class=\"wpb_text_column wpb_content_element  wpb_animate_when_almost_visible wpb_fadeInLeft fadeInLeft text-project-uncover\" >\n\t<div class=\"wpb_wrapper\">\n\t\t<ol class=\"wp-packages-list\">\n<li>Revis\u00e3o de literatura e prepara\u00e7\u00e3o de estudo;<\/li>\n<li>Recolha de dados (Onda 1);<\/li>\n<li>Processamento, an\u00e1lise e divulga\u00e7\u00e3o de dados (Onda 1);<\/li>\n<li>Recolha de Dados (Onda 2)<\/li>\n<li>Processamento, an\u00e1lise e divulga\u00e7\u00e3o de dados (Onda 2);<\/li>\n<li>Recolha de Dados (Onda 3)<\/li>\n<li>Processamento, an\u00e1lise e divulga\u00e7\u00e3o de dados (Onda 1 + 2 + 3);<\/li>\n<li>Gest\u00e3o e coordena\u00e7\u00e3o de projetos;<\/li>\n<\/ol>\n\t<\/div>\n<\/div>\n\n\n\n\n\t\t\t<\/div> \n\t\t<\/div>\n\t<\/div> \n\n\t<div  class=\"vc_col-sm-6 wpb_column column_container vc_column_container col no-extra-padding inherit_tablet inherit_phone\"  data-padding-pos=\"all\" data-has-bg-color=\"false\" data-bg-color=\"\" data-bg-opacity=\"1\" data-animation=\"\" data-delay=\"0\" >\n\t\t<div class=\"vc_column-inner\" >\n\t\t\t<div class=\"wpb_wrapper\">\n\t\t\t\t<div class=\"img-with-aniamtion-wrap\" data-max-width=\"100%\" data-max-width-mobile=\"default\" data-shadow=\"none\" data-animation=\"none\" >\n      <div class=\"inner\">\n        <div class=\"hover-wrap\"> \n          <div class=\"hover-wrap-inner\">\n            <img loading=\"lazy\" decoding=\"async\" class=\"img-with-animation skip-lazy\" data-delay=\"0\" height=\"1376\" width=\"2560\" data-animation=\"none\" src=\"https:\/\/screenhealth.uc.pt\/wp-content\/uploads\/2024\/02\/WP-scaled.jpg\" alt=\"\" srcset=\"https:\/\/screenhealth.uc.pt\/wp-content\/uploads\/2024\/02\/WP-scaled.jpg 2560w, https:\/\/screenhealth.uc.pt\/wp-content\/uploads\/2024\/02\/WP-300x161.jpg 300w, https:\/\/screenhealth.uc.pt\/wp-content\/uploads\/2024\/02\/WP-1024x550.jpg 1024w, https:\/\/screenhealth.uc.pt\/wp-content\/uploads\/2024\/02\/WP-768x413.jpg 768w, https:\/\/screenhealth.uc.pt\/wp-content\/uploads\/2024\/02\/WP-1536x826.jpg 1536w, https:\/\/screenhealth.uc.pt\/wp-content\/uploads\/2024\/02\/WP-2048x1101.jpg 2048w\" sizes=\"auto, (max-width: 2560px) 100vw, 2560px\" \/>\n          <\/div>\n        <\/div>\n      <\/div>\n    <\/div>\n\t\t\t<\/div> \n\t\t<\/div>\n\t<\/div> \n<\/div><\/div>","protected":false},"excerpt":{"rendered":"About Us Abstract for Publication With the advancement of digital technology, excessive screen media use has become a serious concern among researchers and practitioners. Screen time during COVID-19 has further...","protected":false},"author":1,"featured_media":0,"parent":0,"menu_order":0,"comment_status":"closed","ping_status":"closed","template":"","meta":{"footnotes":""},"class_list":["post-6034","page","type-page","status-publish"],"_links":{"self":[{"href":"https:\/\/screenhealth.uc.pt\/pt\/wp-json\/wp\/v2\/pages\/6034","targetHints":{"allow":["GET"]}}],"collection":[{"href":"https:\/\/screenhealth.uc.pt\/pt\/wp-json\/wp\/v2\/pages"}],"about":[{"href":"https:\/\/screenhealth.uc.pt\/pt\/wp-json\/wp\/v2\/types\/page"}],"author":[{"embeddable":true,"href":"https:\/\/screenhealth.uc.pt\/pt\/wp-json\/wp\/v2\/users\/1"}],"replies":[{"embeddable":true,"href":"https:\/\/screenhealth.uc.pt\/pt\/wp-json\/wp\/v2\/comments?post=6034"}],"version-history":[{"count":25,"href":"https:\/\/screenhealth.uc.pt\/pt\/wp-json\/wp\/v2\/pages\/6034\/revisions"}],"predecessor-version":[{"id":6337,"href":"https:\/\/screenhealth.uc.pt\/pt\/wp-json\/wp\/v2\/pages\/6034\/revisions\/6337"}],"wp:attachment":[{"href":"https:\/\/screenhealth.uc.pt\/pt\/wp-json\/wp\/v2\/media?parent=6034"}],"curies":[{"name":"wp","href":"https:\/\/api.w.org\/{rel}","templated":true}]}}