{"id":5909,"date":"2019-09-09T19:32:18","date_gmt":"2019-09-09T19:32:18","guid":{"rendered":"http:\/\/themenectar.com\/demo\/salient-corporate-3\/?page_id=5"},"modified":"2024-10-03T20:40:09","modified_gmt":"2024-10-03T20:40:09","slug":"corporate-3-landing","status":"publish","type":"page","link":"https:\/\/screenhealth.uc.pt\/pt\/","title":{"rendered":"Home"},"content":{"rendered":"<div id=\"fws_69f09dc323733\"  data-column-margin=\"50px\" data-midnight=\"dark\"  class=\"wpb_row vc_row-fluid vc_row full-width-section vc_row-o-full-height vc_row-o-columns-middle vc_row-o-equal-height vc_row-flex parallax_section\"  style=\"padding-top: 0px; padding-bottom: 0px; \"><div class=\"row-bg-wrap\" data-bg-animation=\"zoom-out-slow\" data-bg-animation-delay=\"\" data-bg-overlay=\"true\"><div class=\"inner-wrap row-bg-layer using-image\" ><div class=\"row-bg viewport-desktop using-image using-bg-color\" data-parallax-speed=\"slow\" style=\"background-image: url(https:\/\/screenhealth.uc.pt\/wp-content\/uploads\/2024\/02\/thoughtful-caucasian-girl-s-portrait-dark-studio-background-neon-light-beautiful-female-model-using-tablet.jpg); background-position: center center; background-repeat: no-repeat; background-color: #ffffff; \"><\/div><\/div><div class=\"row-bg-overlay row-bg-layer\" style=\"background: #ec6836; background: linear-gradient(to bottom,#ec6836 0%,#353232 100%);  opacity: 0.8; \"><\/div><\/div><div class=\"row_col_wrap_12 col span_12 dark left\">\n\t<div style=\" color: #ffffff;\" class=\"vc_col-sm-12 center-content wpb_column column_container vc_column_container col no-extra-padding inherit_tablet inherit_phone\" data-cfc=\"true\"  data-padding-pos=\"all\" data-has-bg-color=\"false\" data-bg-color=\"\" data-bg-opacity=\"1\" data-animation=\"\" data-delay=\"0\" >\n\t\t<div class=\"vc_column-inner\" >\n\t\t\t<div class=\"wpb_wrapper\">\n\t\t\t\t<div class=\"img-with-aniamtion-wrap center\" data-max-width=\"100%\" data-max-width-mobile=\"default\" data-shadow=\"none\" data-animation=\"fade-in\" >\n      <div class=\"inner\">\n        <div class=\"hover-wrap\"> \n          <div class=\"hover-wrap-inner\">\n            <img loading=\"lazy\" decoding=\"async\" class=\"img-with-animation center-vertical logo-main-banner skip-lazy\" data-delay=\"0\" height=\"1686\" width=\"3173\" data-animation=\"fade-in\" src=\"https:\/\/screenhealth.uc.pt\/wp-content\/uploads\/2024\/02\/sreen-health-logotipo_screen-health-logotipo-white-version.png\" alt=\"\" srcset=\"https:\/\/screenhealth.uc.pt\/wp-content\/uploads\/2024\/02\/sreen-health-logotipo_screen-health-logotipo-white-version.png 3173w, https:\/\/screenhealth.uc.pt\/wp-content\/uploads\/2024\/02\/sreen-health-logotipo_screen-health-logotipo-white-version-300x159.png 300w, https:\/\/screenhealth.uc.pt\/wp-content\/uploads\/2024\/02\/sreen-health-logotipo_screen-health-logotipo-white-version-1024x544.png 1024w, https:\/\/screenhealth.uc.pt\/wp-content\/uploads\/2024\/02\/sreen-health-logotipo_screen-health-logotipo-white-version-768x408.png 768w, https:\/\/screenhealth.uc.pt\/wp-content\/uploads\/2024\/02\/sreen-health-logotipo_screen-health-logotipo-white-version-1536x816.png 1536w, https:\/\/screenhealth.uc.pt\/wp-content\/uploads\/2024\/02\/sreen-health-logotipo_screen-health-logotipo-white-version-2048x1088.png 2048w\" sizes=\"auto, (max-width: 3173px) 100vw, 3173px\" \/>\n          <\/div>\n        <\/div>\n      <\/div>\n    <\/div>\n\t\t\t<\/div> \n\t\t<\/div>\n\t<\/div> \n<\/div><\/div>\n\t\t<div id=\"fws_69f09dc325107\"  data-column-margin=\"default\" data-midnight=\"dark\"  class=\"wpb_row vc_row-fluid vc_row full-width-section vc_row-o-equal-height vc_row-flex vc_row-o-content-middle parallax_section\"  style=\"padding-top: 100px; padding-bottom: 100px; \"><div class=\"row-bg-wrap\" data-bg-animation=\"zoom-out-slow\" data-bg-animation-delay=\"\" data-bg-overlay=\"true\"><div class=\"inner-wrap row-bg-layer using-image\" ><div class=\"row-bg viewport-desktop using-image using-bg-color\" data-parallax-speed=\"slow\" style=\"background-image: url(https:\/\/screenhealth.uc.pt\/wp-content\/uploads\/2024\/02\/happy-child-playing-park1.jpg); background-position: left top; background-repeat: no-repeat; background-color: #232323; \"><\/div><\/div><div class=\"row-bg-overlay row-bg-layer\" style=\"background-color:#232323;  opacity: 0.95; \"><\/div><\/div><div class=\"row_col_wrap_12 col span_12 dark left\">\n\t<div style=\" color: #ffffff;\" class=\"vc_col-sm-3 wpb_column column_container vc_column_container col no-extra-padding inherit_tablet inherit_phone\" data-cfc=\"true\"  data-padding-pos=\"all\" data-has-bg-color=\"false\" data-bg-color=\"\" data-bg-opacity=\"1\" data-animation=\"\" data-delay=\"0\" >\n\t\t<div class=\"vc_column-inner\" >\n\t\t\t<div class=\"wpb_wrapper\">\n\t\t\t\t\n<div class=\"wpb_text_column wpb_content_element  wpb_animate_when_almost_visible wpb_fadeInRight fadeInRight vc_custom_1727987737861\" >\n\t<div class=\"wpb_wrapper\">\n\t\t<h2>Projetos Recentes<\/h2>\n\t<\/div>\n<\/div>\n\n\n\n<div class=\"divider-wrap\" data-alignment=\"default\"><div style=\"margin-top: 12.5px; width: 20%; height: 4px; margin-bottom: 12.5px;\" data-width=\"20%\" data-animate=\"yes\" data-animation-delay=\"\" data-color=\"extra-color-2\" class=\"divider-small-border\"><\/div><\/div>\n\t\t\t<\/div> \n\t\t<\/div>\n\t<\/div> \n\n\t<div  class=\"vc_col-sm-9 center-vertical wpb_column column_container vc_column_container col padding-5-percent inherit_tablet inherit_phone border_color_ec6836 border_style_solid\"  data-padding-pos=\"all\" data-has-bg-color=\"false\" data-bg-color=\"\" data-bg-opacity=\"1\" data-animation=\"\" data-delay=\"0\" >\n\t\t<div class=\"vc_column-inner\" >\n\t\t\t<div class=\"wpb_wrapper\">\n\t\t\t\t<div class=\"nectar_video_player_self_hosted wpb_video_widget wpb_content_element vc_clearfix vc_video-aspect-ratio-169 vc_video-el-width-100 vc_video-align-left\" data-border-radius=\"none\" data-shadow=\"none\">\n<div class=\"wpb_wrapper\"><div class=\"wpb_video_wrapper\"><a href=\"https:\/\/screenhealth.uc.pt\/wp-content\/uploads\/2024\/10\/Video-Screen-Health-1.mp4\" data-play_button_color=\"\" data-play_button_icon_color=\"\" class=\"nectar_video_lightbox_trigger pp play_button default\"><span class=\"screen-reader-text\">Play Video<\/span><span class=\"play\"><svg class=\"inner\" version=\"1.1\"\n    xmlns=\"http:\/\/www.w3.org\/2000\/svg\" xmlns:xlink=\"http:\/\/www.w3.org\/1999\/xlink\" width=\"600px\" height=\"800px\" x=\"0px\" y=\"0px\" viewbox=\"0 0 600 800\" enable-background=\"new 0 0 600 800\" xml:space=\"preserve\"><path fill=\"none\" d=\"M0-1.79v800L600,395L0-1.79z\"><\/path><\/svg><\/span><\/a><video width=\"1280\" height=\"720\" class=\"nectar-video-self-hosted\" preload=\"metadata\" loop autoplay muted playsinline poster=\"https:\/\/screenhealth.uc.pt\/wp-content\/uploads\/2024\/10\/video-thumb.png\"><source src=\"https:\/\/screenhealth.uc.pt\/wp-content\/uploads\/2024\/10\/Video-Screen-Health-1.mp4\"  type=\"video\/mp4\"><\/video><\/div><\/div><\/div>\n\t\t\t<\/div> \n\t\t<\/div>\n\t<\/div> \n<\/div><\/div>\n\t\t<div id=\"fws_69f09dc32729a\"  data-column-margin=\"default\" data-midnight=\"dark\"  class=\"wpb_row vc_row-fluid vc_row full-width-section vc_row-o-equal-height vc_row-flex vc_row-o-content-middle parallax_section\"  style=\"padding-top: 100px; padding-bottom: 100px; \"><div class=\"row-bg-wrap\" data-bg-animation=\"zoom-out-slow\" data-bg-animation-delay=\"\" data-bg-overlay=\"false\"><div class=\"inner-wrap row-bg-layer using-image\" ><div class=\"row-bg viewport-desktop using-image using-bg-color\" data-parallax-speed=\"slow\" style=\"background-position: left top; background-repeat: no-repeat; background-color: #ffffff; \"><\/div><\/div><\/div><div class=\"row_col_wrap_12 col span_12 dark left\">\n\t<div  class=\"vc_col-sm-6 center-vertical wpb_column column_container vc_column_container col padding-5-percent inherit_tablet inherit_phone border_left_desktop_5px border_color_ec6836 border_style_solid\"  data-padding-pos=\"all\" data-has-bg-color=\"false\" data-bg-color=\"\" data-bg-opacity=\"1\" data-animation=\"\" data-delay=\"0\" >\n\t\t<div class=\"vc_column-inner\" >\n\t\t\t<div class=\"wpb_wrapper\">\n\t\t\t\t\n<div class=\"wpb_text_column wpb_content_element  wpb_animate_when_almost_visible wpb_fadeInRight fadeInRight center-vertical\" >\n\t<div class=\"wpb_wrapper\">\n\t\t<h2>SCREENHEALTH analisa o uso crescente de dispositivos com ecr\u00e3 por crian\u00e7as e a forma como isso afeta o seu desenvolvimento e sa\u00fade.<\/h2>\n\t<\/div>\n<\/div>\n\n\n\n\n\t\t\t<\/div> \n\t\t<\/div>\n\t<\/div> \n\n\t<div  class=\"vc_col-sm-6 wpb_column column_container vc_column_container col no-extra-padding inherit_tablet inherit_phone border_color_ec6836 border_style_solid\"  data-padding-pos=\"all\" data-has-bg-color=\"false\" data-bg-color=\"\" data-bg-opacity=\"1\" data-animation=\"\" data-delay=\"0\" >\n\t\t<div class=\"vc_column-inner\" >\n\t\t\t<div class=\"wpb_wrapper\">\n\t\t\t\t<div class=\"img-with-aniamtion-wrap\" data-max-width=\"100%\" data-max-width-mobile=\"default\" data-shadow=\"none\" data-animation=\"none\" >\n      <div class=\"inner\">\n        <div class=\"hover-wrap\"> \n          <div class=\"hover-wrap-inner\">\n            <img loading=\"lazy\" decoding=\"async\" class=\"img-with-animation skip-lazy\" data-delay=\"0\" height=\"4154\" width=\"5813\" data-animation=\"none\" src=\"https:\/\/screenhealth.uc.pt\/wp-content\/uploads\/2024\/02\/screen_health_ilustracoes_ilustration_1-1.png\" alt=\"\" srcset=\"https:\/\/screenhealth.uc.pt\/wp-content\/uploads\/2024\/02\/screen_health_ilustracoes_ilustration_1-1.png 5813w, https:\/\/screenhealth.uc.pt\/wp-content\/uploads\/2024\/02\/screen_health_ilustracoes_ilustration_1-1-300x214.png 300w, https:\/\/screenhealth.uc.pt\/wp-content\/uploads\/2024\/02\/screen_health_ilustracoes_ilustration_1-1-1024x732.png 1024w, https:\/\/screenhealth.uc.pt\/wp-content\/uploads\/2024\/02\/screen_health_ilustracoes_ilustration_1-1-768x549.png 768w, https:\/\/screenhealth.uc.pt\/wp-content\/uploads\/2024\/02\/screen_health_ilustracoes_ilustration_1-1-1536x1098.png 1536w, https:\/\/screenhealth.uc.pt\/wp-content\/uploads\/2024\/02\/screen_health_ilustracoes_ilustration_1-1-2048x1464.png 2048w\" sizes=\"auto, (max-width: 5813px) 100vw, 5813px\" \/>\n          <\/div>\n        <\/div>\n      <\/div>\n    <\/div>\n\t\t\t<\/div> \n\t\t<\/div>\n\t<\/div> \n<\/div><\/div>\n\t\t<div id=\"fws_69f09dc328da4\"  data-column-margin=\"default\" data-midnight=\"dark\"  class=\"wpb_row vc_row-fluid vc_row full-width-section vc_row-o-equal-height vc_row-flex vc_row-o-content-middle parallax_section\"  style=\"padding-top: 100px; padding-bottom: 100px; \"><div class=\"row-bg-wrap\" data-bg-animation=\"zoom-out-slow\" data-bg-animation-delay=\"\" data-bg-overlay=\"true\"><div class=\"inner-wrap row-bg-layer using-image\" ><div class=\"row-bg viewport-desktop using-image using-bg-color\" data-parallax-speed=\"slow\" style=\"background-image: url(https:\/\/screenhealth.uc.pt\/wp-content\/uploads\/2024\/02\/thoughtful-caucasian-girl-s-portrait-dark-studio-background-neon-light-beautiful-female-model-using-tablet.jpg); background-position: left top; background-repeat: no-repeat; background-color: #5c5c5b; \"><\/div><\/div><div class=\"row-bg-overlay row-bg-layer\" style=\"background-color:#5c5c5b;  opacity: 0.95; \"><\/div><\/div><div class=\"row_col_wrap_12 col span_12 dark left\">\n\t<div  class=\"vc_col-sm-6 wpb_column column_container vc_column_container col no-extra-padding inherit_tablet inherit_phone border_color_5ab461 border_style_solid\"  data-padding-pos=\"all\" data-has-bg-color=\"false\" data-bg-color=\"\" data-bg-opacity=\"1\" data-animation=\"\" data-delay=\"0\" >\n\t\t<div class=\"vc_column-inner\" >\n\t\t\t<div class=\"wpb_wrapper\">\n\t\t\t\t<div class=\"img-with-aniamtion-wrap\" data-max-width=\"100%\" data-max-width-mobile=\"default\" data-shadow=\"none\" data-animation=\"none\" >\n      <div class=\"inner\">\n        <div class=\"hover-wrap\"> \n          <div class=\"hover-wrap-inner\">\n            <img loading=\"lazy\" decoding=\"async\" class=\"img-with-animation skip-lazy\" data-delay=\"0\" height=\"3788\" width=\"7643\" data-animation=\"none\" src=\"https:\/\/screenhealth.uc.pt\/wp-content\/uploads\/2024\/02\/screen_health_ilustracoes_ilustration_2-1.png\" alt=\"\" srcset=\"https:\/\/screenhealth.uc.pt\/wp-content\/uploads\/2024\/02\/screen_health_ilustracoes_ilustration_2-1.png 7643w, https:\/\/screenhealth.uc.pt\/wp-content\/uploads\/2024\/02\/screen_health_ilustracoes_ilustration_2-1-300x149.png 300w, https:\/\/screenhealth.uc.pt\/wp-content\/uploads\/2024\/02\/screen_health_ilustracoes_ilustration_2-1-1024x508.png 1024w, https:\/\/screenhealth.uc.pt\/wp-content\/uploads\/2024\/02\/screen_health_ilustracoes_ilustration_2-1-768x381.png 768w, https:\/\/screenhealth.uc.pt\/wp-content\/uploads\/2024\/02\/screen_health_ilustracoes_ilustration_2-1-1536x761.png 1536w, https:\/\/screenhealth.uc.pt\/wp-content\/uploads\/2024\/02\/screen_health_ilustracoes_ilustration_2-1-2048x1015.png 2048w\" sizes=\"auto, (max-width: 7643px) 100vw, 7643px\" \/>\n          <\/div>\n        <\/div>\n      <\/div>\n    <\/div>\n\t\t\t<\/div> \n\t\t<\/div>\n\t<\/div> \n\n\t<div style=\" color: #ffffff;\" class=\"vc_col-sm-6 center-vertical wpb_column column_container vc_column_container col has-animation padding-5-percent inherit_tablet inherit_phone border_right_desktop_5px border_color_5ab461 border_style_solid\" data-cfc=\"true\"  data-padding-pos=\"all\" data-has-bg-color=\"false\" data-bg-color=\"\" data-bg-opacity=\"1\" data-animation=\"reveal-from-left\" data-delay=\"0\" >\n\t\t<div class=\"vc_column-inner\" >\n\t\t\t<div class=\"wpb_wrapper\">\n\t\t\t\t\n<div class=\"wpb_text_column wpb_content_element  wpb_animate_when_almost_visible wpb_fadeInRight fadeInRight vc_custom_1708351661543\" >\n\t<div class=\"wpb_wrapper\">\n\t\t<h2>H\u00e1bitos de estilo de vida saud\u00e1veis s\u00e3o mais eficazes quando desenvolvidos em uma idade jovem.<\/h2>\n\t<\/div>\n<\/div>\n\n\n\n\n\t\t\t<\/div> \n\t\t<\/div>\n\t<\/div> \n<\/div><\/div>\n\t\t<div id=\"fws_69f09dc32a92c\"  data-column-margin=\"default\" data-midnight=\"dark\"  class=\"wpb_row vc_row-fluid vc_row full-width-section vc_row-o-equal-height vc_row-flex vc_row-o-content-middle parallax_section\"  style=\"padding-top: 100px; padding-bottom: 100px; \"><div class=\"row-bg-wrap\" data-bg-animation=\"zoom-out-slow\" data-bg-animation-delay=\"\" data-bg-overlay=\"false\"><div class=\"inner-wrap row-bg-layer using-image\" ><div class=\"row-bg viewport-desktop using-image using-bg-color\" data-parallax-speed=\"slow\" style=\"background-position: left top; background-repeat: no-repeat; background-color: #ffffff; \"><\/div><\/div><\/div><div class=\"row_col_wrap_12 col span_12 dark left\">\n\t<div  class=\"vc_col-sm-6 center-vertical wpb_column column_container vc_column_container col padding-5-percent inherit_tablet inherit_phone border_left_desktop_5px border_color_ec6836 border_style_solid\"  data-padding-pos=\"all\" data-has-bg-color=\"false\" data-bg-color=\"\" data-bg-opacity=\"1\" data-animation=\"\" data-delay=\"0\" >\n\t\t<div class=\"vc_column-inner\" >\n\t\t\t<div class=\"wpb_wrapper\">\n\t\t\t\t\n<div class=\"wpb_text_column wpb_content_element  wpb_animate_when_almost_visible wpb_fadeInRight fadeInRight vc_custom_1708351673977\" >\n\t<div class=\"wpb_wrapper\">\n\t\t<h2>SCREENHEALTH estuda a intera\u00e7\u00e3o de m\u00faltiplos comportamentos relacionados \u00e0 sa\u00fade: atividade f\u00edsica, padr\u00f5es alimentares, sono e tempo sedent\u00e1rio.<\/h2>\n\t<\/div>\n<\/div>\n\n\n\n\n\t\t\t<\/div> \n\t\t<\/div>\n\t<\/div> \n\n\t<div  class=\"vc_col-sm-6 wpb_column column_container vc_column_container col no-extra-padding inherit_tablet inherit_phone border_color_ec6836 border_style_solid\"  data-padding-pos=\"all\" data-has-bg-color=\"false\" data-bg-color=\"\" data-bg-opacity=\"1\" data-animation=\"\" data-delay=\"0\" >\n\t\t<div class=\"vc_column-inner\" >\n\t\t\t<div class=\"wpb_wrapper\">\n\t\t\t\t<div class=\"img-with-aniamtion-wrap\" data-max-width=\"100%\" data-max-width-mobile=\"default\" data-shadow=\"none\" data-animation=\"none\" >\n      <div class=\"inner\">\n        <div class=\"hover-wrap\"> \n          <div class=\"hover-wrap-inner\">\n            <img loading=\"lazy\" decoding=\"async\" class=\"img-with-animation screen-health-banner-imgs skip-lazy\" data-delay=\"0\" height=\"4264\" width=\"4494\" data-animation=\"none\" src=\"https:\/\/screenhealth.uc.pt\/wp-content\/uploads\/2024\/02\/screen_health_ilustracoes_ilustration_3-1.png\" alt=\"\" srcset=\"https:\/\/screenhealth.uc.pt\/wp-content\/uploads\/2024\/02\/screen_health_ilustracoes_ilustration_3-1.png 4494w, https:\/\/screenhealth.uc.pt\/wp-content\/uploads\/2024\/02\/screen_health_ilustracoes_ilustration_3-1-300x285.png 300w, https:\/\/screenhealth.uc.pt\/wp-content\/uploads\/2024\/02\/screen_health_ilustracoes_ilustration_3-1-1024x972.png 1024w, https:\/\/screenhealth.uc.pt\/wp-content\/uploads\/2024\/02\/screen_health_ilustracoes_ilustration_3-1-768x729.png 768w, https:\/\/screenhealth.uc.pt\/wp-content\/uploads\/2024\/02\/screen_health_ilustracoes_ilustration_3-1-1536x1457.png 1536w, https:\/\/screenhealth.uc.pt\/wp-content\/uploads\/2024\/02\/screen_health_ilustracoes_ilustration_3-1-2048x1943.png 2048w\" sizes=\"auto, (max-width: 4494px) 100vw, 4494px\" \/>\n          <\/div>\n        <\/div>\n      <\/div>\n    <\/div>\n\t\t\t<\/div> \n\t\t<\/div>\n\t<\/div> \n<\/div><\/div>\n\t\t<div id=\"fws_69f09dc32c545\"  data-column-margin=\"default\" data-midnight=\"dark\"  class=\"wpb_row vc_row-fluid vc_row full-width-section parallax_section\"  style=\"padding-top: 100px; padding-bottom: 100px; \"><div class=\"row-bg-wrap\" data-bg-animation=\"zoom-out-slow\" data-bg-animation-delay=\"\" data-bg-overlay=\"true\"><div class=\"inner-wrap row-bg-layer using-image\" ><div class=\"row-bg viewport-desktop using-image\" data-parallax-speed=\"slow\" style=\"background-image: url(https:\/\/screenhealth.uc.pt\/wp-content\/uploads\/2024\/02\/back-view-kid-holding-tablet.jpg); background-position: center center; background-repeat: no-repeat; \"><\/div><\/div><div class=\"row-bg-overlay row-bg-layer\" style=\"background: #5c5c5b; background: linear-gradient(to bottom,#5c5c5b 0%,#000000 100%);  opacity: 0.8; \"><\/div><\/div><div class=\"row_col_wrap_12 col span_12 dark left\">\n\t<div style=\" color: #ffffff;\" class=\"vc_col-sm-12 center-content wpb_column column_container vc_column_container col centered-text no-extra-padding inherit_tablet inherit_phone\" data-cfc=\"true\"  data-padding-pos=\"all\" data-has-bg-color=\"false\" data-bg-color=\"\" data-bg-opacity=\"1\" data-animation=\"\" data-delay=\"0\" >\n\t\t<div class=\"vc_column-inner\" >\n\t\t\t<div class=\"wpb_wrapper\">\n\t\t\t\t\n<div class=\"wpb_text_column wpb_content_element  wpb_animate_when_almost_visible wpb_fadeInUp fadeInUp vc_custom_1708287948213\" >\n\t<div class=\"wpb_wrapper\">\n\t\t<h2 style=\"text-align: center;\"><b>Descubra Mais<br \/>\n<\/b><\/h2>\n\t<\/div>\n<\/div>\n\n\n\n<a class=\"nectar-button large regular accent-color  regular-button\"  role=\"button\" style=\"margin-top: 25px; color: #ec6836; background-color: #ffffff;\"  href=\"https:\/\/screenhealth.uc.pt\/pt\/about-us\/\" data-color-override=\"#ffffff\" data-hover-color-override=\"false\" data-hover-text-color-override=\"#fff\"><span>Levar-me l\u00e1<\/span><\/a>\n\t\t\t<\/div> \n\t\t<\/div>\n\t<\/div> \n<\/div><\/div>","protected":false},"excerpt":{"rendered":"Our Recent Project Play Video SCREENHEALTH looks at the increasing use of screen media devices by children and how that impacts their development and health. Healthy\u00a0lifestyle\u00a0habits\u00a0are most effective when developed...","protected":false},"author":1,"featured_media":0,"parent":0,"menu_order":0,"comment_status":"closed","ping_status":"closed","template":"","meta":{"footnotes":""},"class_list":["post-5909","page","type-page","status-publish"],"_links":{"self":[{"href":"https:\/\/screenhealth.uc.pt\/pt\/wp-json\/wp\/v2\/pages\/5909","targetHints":{"allow":["GET"]}}],"collection":[{"href":"https:\/\/screenhealth.uc.pt\/pt\/wp-json\/wp\/v2\/pages"}],"about":[{"href":"https:\/\/screenhealth.uc.pt\/pt\/wp-json\/wp\/v2\/types\/page"}],"author":[{"embeddable":true,"href":"https:\/\/screenhealth.uc.pt\/pt\/wp-json\/wp\/v2\/users\/1"}],"replies":[{"embeddable":true,"href":"https:\/\/screenhealth.uc.pt\/pt\/wp-json\/wp\/v2\/comments?post=5909"}],"version-history":[{"count":55,"href":"https:\/\/screenhealth.uc.pt\/pt\/wp-json\/wp\/v2\/pages\/5909\/revisions"}],"predecessor-version":[{"id":6362,"href":"https:\/\/screenhealth.uc.pt\/pt\/wp-json\/wp\/v2\/pages\/5909\/revisions\/6362"}],"wp:attachment":[{"href":"https:\/\/screenhealth.uc.pt\/pt\/wp-json\/wp\/v2\/media?parent=5909"}],"curies":[{"name":"wp","href":"https:\/\/api.w.org\/{rel}","templated":true}]}}