{"id":3,"date":"2024-02-16T09:36:56","date_gmt":"2024-02-16T09:36:56","guid":{"rendered":"https:\/\/guerilla.pt\/screen\/?page_id=3"},"modified":"2024-03-15T12:39:54","modified_gmt":"2024-03-15T12:39:54","slug":"privacy-policy","status":"publish","type":"page","link":"https:\/\/screenhealth.uc.pt\/pt\/privacy-policy\/","title":{"rendered":"Pol\u00edtica de Privacidade"},"content":{"rendered":"<div id=\"fws_69f06e7165df3\"  data-column-margin=\"default\" data-midnight=\"dark\"  class=\"wpb_row vc_row-fluid vc_row full-width-section parallax_section\"  style=\"padding-top: 225px; padding-bottom: 150px; \"><div class=\"row-bg-wrap\" data-bg-animation=\"zoom-out-slow\" data-bg-animation-delay=\"\" data-bg-overlay=\"true\"><div class=\"inner-wrap row-bg-layer using-image\" ><div class=\"row-bg viewport-desktop using-image\" data-parallax-speed=\"slow\" style=\"background-image: url(https:\/\/screenhealth.uc.pt\/wp-content\/uploads\/2024\/02\/thoughtful-caucasian-girl-s-portrait-dark-studio-background-neon-light-beautiful-female-model-using-tablet.jpg); background-position: center center; background-repeat: no-repeat; \"><\/div><\/div><div class=\"row-bg-overlay row-bg-layer\" style=\"background: #ec6836; background: linear-gradient(to bottom,#ec6836 0%,#353232 100%);  opacity: 0.8; \"><\/div><\/div><div class=\"row_col_wrap_12 col span_12 dark left\">\n\t<div  class=\"vc_col-sm-12 wpb_column column_container vc_column_container col no-extra-padding inherit_tablet inherit_phone\"  data-padding-pos=\"all\" data-has-bg-color=\"false\" data-bg-color=\"\" data-bg-opacity=\"1\" data-animation=\"\" data-delay=\"0\" >\n\t\t<div class=\"vc_column-inner\" >\n\t\t\t<div class=\"wpb_wrapper\">\n\t\t\t\t\n<div class=\"wpb_text_column wpb_content_element  wpb_animate_when_almost_visible wpb_fadeInUp fadeInUp\" >\n\t<div class=\"wpb_wrapper\">\n\t\t<h2 style=\"text-align: center; color: white !important;\">Pol\u00edtica de Privacidade<\/h2>\n\t<\/div>\n<\/div>\n\n\n\n<div class=\"divider-wrap\" data-alignment=\"center\"><div style=\"margin-top: 15px; width: 20%; height: 3px; margin-bottom: 15px;\" data-width=\"20%\" data-animate=\"yes\" data-animation-delay=\"\" data-color=\"extra-color-1\" class=\"divider-small-border\"><\/div><\/div>\n\t\t\t<\/div> \n\t\t<\/div>\n\t<\/div> \n<\/div><\/div>\n\t\t<div id=\"fws_69f06e716724f\"  data-column-margin=\"default\" data-midnight=\"dark\"  class=\"wpb_row vc_row-fluid vc_row full-width-section\"  style=\"padding-top: 100px; padding-bottom: 100px; \"><div class=\"row-bg-wrap\" data-bg-animation=\"none\" data-bg-animation-delay=\"\" data-bg-overlay=\"true\"><div class=\"inner-wrap row-bg-layer\" ><div class=\"row-bg viewport-desktop\"  style=\"\"><\/div><\/div><div class=\"row-bg-overlay row-bg-layer\" style=\"background-color:#ffffff;  opacity: 0.8; \"><\/div><\/div><div class=\"row_col_wrap_12 col span_12 dark left\">\n\t<div style=\" color: #5c5c5b;\" class=\"vc_col-sm-12 wpb_column column_container vc_column_container col has-animation no-extra-padding inherit_tablet inherit_phone\" data-cfc=\"true\"  data-padding-pos=\"all\" data-has-bg-color=\"false\" data-bg-color=\"\" data-bg-opacity=\"1\" data-animation=\"reveal-from-left\" data-delay=\"0\" >\n\t\t<div class=\"vc_column-inner\" >\n\t\t\t<div class=\"wpb_wrapper\">\n\t\t\t\t<div class=\"nectar-responsive-text nectar-link-underline-effect\"><div id=\"privacy-settings-accordion-block-wordpress\" class=\"privacy-settings-accordion-panel privacy-text-box-body hide-privacy-policy-tutorial\">\n<h2><span class=\"HwtZe\" lang=\"en\"><span class=\"jCAhz ChMk0b\"><span class=\"ryNqvb\">Quem Somos<\/span><\/span><\/span><\/h2>\n<p><span class=\"HwtZe\" lang=\"en\"><span class=\"jCAhz ChMk0b\"><span class=\"ryNqvb\">O endere\u00e7o do nosso site \u00e9: https:\/\/screenhealth.uc.pt <a href=\"https:\/\/screenhealth.uc.pt\/pt\/\">https:\/\/screenhealth.uc.pt<\/a><\/span><\/span><\/span><\/p>\n<h2><span class=\"HwtZe\" lang=\"en\"><span class=\"jCAhz ChMk0b\"><span class=\"ryNqvb\">Coment\u00e1rios<\/span><\/span><\/span><\/h2>\n<p><span class=\"HwtZe\" lang=\"en\"><span class=\"jCAhz ChMk0b\"><span class=\"ryNqvb\">Quando os visitantes deixam coment\u00e1rios no site, os dados do formul\u00e1rio de coment\u00e1rios, bem como o endere\u00e7o IP e o agente do usu\u00e1rio do navegador, s\u00e3o salvos para ajudar na detec\u00e7\u00e3o de spam.<\/span><\/span><\/span><\/p>\n<h2><span class=\"HwtZe\" lang=\"en\"><span class=\"jCAhz ChMk0b\"><span class=\"ryNqvb\">Multimedia<\/span><\/span><\/span><\/h2>\n<p><span class=\"HwtZe\" lang=\"en\"><span class=\"jCAhz ChMk0b\"><span class=\"ryNqvb\">Ao enviar imagens para o site, voc\u00ea deve evitar enviar imagens com dados de geolocaliza\u00e7\u00e3o incorporados (EXIF GPS). Os visitantes podem baixar e extrair dados de geolocaliza\u00e7\u00e3o de imagens no site.<\/span><\/span> <span class=\"jCAhz ChMk0b\"><span class=\"ryNqvb\">Visitors can download and extract geolocation data from images on the website.<\/span><\/span><\/span><\/p>\n<h2>Cookies<\/h2>\n<p><span class=\"HwtZe\" lang=\"en\"><span class=\"jCAhz ChMk0b\"><span class=\"ryNqvb\">Se deixar um coment\u00e1rio no nosso site, voc\u00ea poder\u00e1 optar por salvar seu nome, endere\u00e7o de e-mail e site nos cookies.<\/span><\/span> <span class=\"jCAhz ChMk0b\"><span class=\"ryNqvb\">Isto \u00e9 para sua conveni\u00eancia, para que voc\u00ea n\u00e3o precise preencher seus dados novamente ao deixar outro coment\u00e1rio.<\/span><\/span> <span class=\"jCAhz ChMk0b\"><span class=\"ryNqvb\">Esses cookies duram um ano.<\/span><\/span> <\/span><\/p>\n<\/div>\n<div class=\"privacy-settings-accordion-panel privacy-text-box-body hide-privacy-policy-tutorial\"><span class=\"HwtZe\" lang=\"en\"><span class=\"jCAhz ChMk0b\"><span class=\"ryNqvb\">Se voc\u00ea visitar a p\u00e1gina de login, um cookie tempor\u00e1rio ser\u00e1 definido para determinar se o seu navegador aceita cookies.<\/span><\/span> <span class=\"jCAhz ChMk0b\"><span class=\"ryNqvb\">Este cookie n\u00e3o cont\u00e9m dados pessoais e ser\u00e1 exclu\u00eddo quando voc\u00ea fechar o navegador.<\/span><\/span> <\/span><\/div>\n<div><\/div>\n<div class=\"privacy-settings-accordion-panel privacy-text-box-body hide-privacy-policy-tutorial\"><span class=\"HwtZe\" lang=\"en\"><span class=\"jCAhz ChMk0b\"><span class=\"ryNqvb\">Ao fazer login, alguns cookies ser\u00e3o configurados para salvar as informa\u00e7\u00f5es da sua sess\u00e3o e suas op\u00e7\u00f5es de exibi\u00e7\u00e3o na tela.<\/span><\/span> <span class=\"jCAhz ChMk0b\"><span class=\"ryNqvb\">Os cookies de login de sess\u00e3o duram um ano.<\/span><\/span> <span class=\"jCAhz ChMk0b\"><span class=\"ryNqvb\">Se voc\u00ea selecionar \"Lembrar-me\", sua sess\u00e3o persistir\u00e1 por duas semanas.<\/span><\/span> <span class=\"jCAhz ChMk0b\"><span class=\"ryNqvb\">Ao encerrar sua sess\u00e3o, seus cookies de login ser\u00e3o removidos.<\/span><\/span> <\/span><\/div>\n<div class=\"privacy-settings-accordion-panel privacy-text-box-body hide-privacy-policy-tutorial\">\n<p><span class=\"HwtZe\" lang=\"en\"><span class=\"jCAhz ChMk0b\"><span class=\"ryNqvb\">Se voc\u00ea editar ou publicar um artigo, um cookie adicional ser\u00e1 salvo no seu navegador.<\/span><\/span> <span class=\"jCAhz ChMk0b\"><span class=\"ryNqvb\">Este cookie n\u00e3o inclui dados pessoais, apenas indica o ID do conte\u00fado do artigo que acabou de editar.<\/span><\/span> <span class=\"jCAhz ChMk0b\"><span class=\"ryNqvb\">Expira ap\u00f3s 1 dia.<\/span><\/span><\/span><\/p>\n<h2><span class=\"HwtZe\" lang=\"en\"><span class=\"jCAhz ChMk0b\"><span class=\"ryNqvb\">Conte\u00fado incorporado de outros sites<\/span><\/span><\/span><\/h2>\n<p><span class=\"HwtZe\" lang=\"en\"><span class=\"jCAhz ChMk0b\"><span class=\"ryNqvb\">Os artigos neste site podem incluir conte\u00fado incorporado (por exemplo, v\u00eddeos, imagens, artigos, etc.).<\/span><\/span> <span class=\"jCAhz ChMk0b\"><span class=\"ryNqvb\">O conte\u00fado incorporado de outros sites se comporta como se o usu\u00e1rio tivesse visitado esses sites.<\/span><\/span> <\/span><\/p>\n<\/div>\n<div class=\"privacy-settings-accordion-panel privacy-text-box-body hide-privacy-policy-tutorial\">\n<p><span class=\"HwtZe\" lang=\"en\"><span class=\"jCAhz ChMk0b\"><span class=\"ryNqvb\">Este site pode coletar dados sobre voc\u00ea, usar cookies, incorporar rastreamento feito por terceiros, monitorar suas intera\u00e7\u00f5es com ele, incluindo registrar intera\u00e7\u00f5es com conte\u00fado incorporado se voc\u00ea tiver uma conta e estiver logado nesse site.<\/span><\/span><\/span><\/p>\n<h2><span class=\"HwtZe\" lang=\"en\"><span class=\"jCAhz ChMk0b\"><span class=\"ryNqvb\">Com quem seus dados s\u00e3o compartilhados?<\/span><\/span><\/span><\/h2>\n<p><span class=\"HwtZe\" lang=\"en\"><span class=\"jCAhz ChMk0b\"><span class=\"ryNqvb\">Se voc\u00ea solicitar uma redefini\u00e7\u00e3o de senha, seu endere\u00e7o IP ser\u00e1 inclu\u00eddo no e-mail de redefini\u00e7\u00e3o.<\/span><\/span> <\/span><\/p>\n<h2><span class=\"HwtZe\" lang=\"en\"><span class=\"jCAhz ChMk0b\"><span class=\"ryNqvb\">Por quanto tempo seus dados s\u00e3o retidos<\/span><\/span><\/span>?<\/h2>\n<p><span class=\"HwtZe\" lang=\"en\"><span class=\"jCAhz ChMk0b\"><span class=\"ryNqvb\">Se voc\u00ea deixar um coment\u00e1rio, o coment\u00e1rio e seus metadados ser\u00e3o salvos indefinidamente.<\/span><\/span> <span class=\"jCAhz ChMk0b\"><span class=\"ryNqvb\">Isso ocorre para que voc\u00ea possa reconhecer e aprovar automaticamente quaisquer coment\u00e1rios subsequentes, em vez de coloc\u00e1-los em uma fila de modera\u00e7\u00e3o.<\/span><\/span> <span class=\"jCAhz ChMk0b\"><span class=\"ryNqvb\">Para usu\u00e1rios que se cadastram em nosso site (se houver), armazenamos as informa\u00e7\u00f5es pessoais fornecidas em seu perfil de usu\u00e1rio.<\/span><\/span> <\/span><\/p>\n<\/div>\n<div><\/div>\n<div class=\"privacy-settings-accordion-panel privacy-text-box-body hide-privacy-policy-tutorial\">\n<p><span class=\"HwtZe\" lang=\"en\"><span class=\"jCAhz ChMk0b\"><span class=\"ryNqvb\">Todos os usu\u00e1rios podem visualizar, editar ou excluir suas informa\u00e7\u00f5es pessoais a qualquer momento (com a exce\u00e7\u00e3o de que n\u00e3o podem alterar seu nome de usu\u00e1rio).<\/span><\/span> <span class=\"jCAhz ChMk0b\"><span class=\"ryNqvb\">Os administradores do site tamb\u00e9m podem visualizar e editar essas informa\u00e7\u00f5es.<\/span><\/span><\/span><\/p>\n<h2><span class=\"HwtZe\" lang=\"en\"><span class=\"jCAhz ChMk0b\"><span class=\"ryNqvb\">Que direitos voc\u00ea tem sobre seus dados<\/span><\/span><\/span><\/h2>\n<p><span class=\"HwtZe\" lang=\"en\"><span class=\"jCAhz ChMk0b\"><span class=\"ryNqvb\">Se voc\u00ea possui uma conta neste site ou deixou coment\u00e1rios, pode solicitar o recebimento de um arquivo de exporta\u00e7\u00e3o dos dados pessoais mantidos sobre voc\u00ea, incluindo quaisquer dados pessoais que voc\u00ea tenha fornecido.<\/span><\/span> <span class=\"jCAhz ChMk0b\"><span class=\"ryNqvb\">Voc\u00ea tamb\u00e9m pode solicitar que os dados salvos sejam exclu\u00eddos.<\/span><\/span> <span class=\"jCAhz ChMk0b\"><span class=\"ryNqvb\">Isto n\u00e3o inclui quaisquer dados pessoais cuja conserva\u00e7\u00e3o seja obrigat\u00f3ria para fins administrativos, legais ou de seguran\u00e7a.<\/span><\/span><\/span><\/p>\n<h2><span class=\"HwtZe\" lang=\"en\"> <span class=\"jCAhz ChMk0b\"><span class=\"ryNqvb\">Para onde seus dados s\u00e3o enviados<\/span><\/span><\/span><\/h2>\n<p><span class=\"HwtZe\" lang=\"en\"><span class=\"jCAhz ChMk0b\"><span class=\"ryNqvb\">Os coment\u00e1rios dos visitantes podem ser verificados usando um servi\u00e7o autom\u00e1tico de detec\u00e7\u00e3o de spam.<\/span><\/span><\/span><\/p>\n<div class=\"privacy-settings-accordion-actions\"><\/div>\n<\/div>\n<\/div>\n\t\t\t<\/div> \n\t\t<\/div>\n\t<\/div> \n<\/div><\/div>","protected":false},"excerpt":{"rendered":"Privacy Policy Who we are Our website address is: https:\/\/screenhealth.uc.pt Comments When visitors leave comments on the site, the data in the comments form, as well as the IP address...","protected":false},"author":1,"featured_media":0,"parent":0,"menu_order":0,"comment_status":"closed","ping_status":"open","template":"","meta":{"footnotes":""},"class_list":["post-3","page","type-page","status-publish"],"_links":{"self":[{"href":"https:\/\/screenhealth.uc.pt\/pt\/wp-json\/wp\/v2\/pages\/3","targetHints":{"allow":["GET"]}}],"collection":[{"href":"https:\/\/screenhealth.uc.pt\/pt\/wp-json\/wp\/v2\/pages"}],"about":[{"href":"https:\/\/screenhealth.uc.pt\/pt\/wp-json\/wp\/v2\/types\/page"}],"author":[{"embeddable":true,"href":"https:\/\/screenhealth.uc.pt\/pt\/wp-json\/wp\/v2\/users\/1"}],"replies":[{"embeddable":true,"href":"https:\/\/screenhealth.uc.pt\/pt\/wp-json\/wp\/v2\/comments?post=3"}],"version-history":[{"count":8,"href":"https:\/\/screenhealth.uc.pt\/pt\/wp-json\/wp\/v2\/pages\/3\/revisions"}],"predecessor-version":[{"id":6339,"href":"https:\/\/screenhealth.uc.pt\/pt\/wp-json\/wp\/v2\/pages\/3\/revisions\/6339"}],"wp:attachment":[{"href":"https:\/\/screenhealth.uc.pt\/pt\/wp-json\/wp\/v2\/media?parent=3"}],"curies":[{"name":"wp","href":"https:\/\/api.w.org\/{rel}","templated":true}]}}